{"id":487,"date":"2026-01-29T19:17:21","date_gmt":"2026-01-29T19:17:21","guid":{"rendered":"https:\/\/f\u00fcrsorge-mobile.com\/services\/"},"modified":"2026-02-19T14:44:16","modified_gmt":"2026-02-19T14:44:16","slug":"services","status":"publish","type":"page","link":"https:\/\/f\u00fcrsorge-mobile.com\/?page_id=487","title":{"rendered":"Services"},"content":{"rendered":"\t\t<div data-elementor-type=\"wp-page\" data-elementor-id=\"487\" class=\"elementor elementor-487\">\n\t\t\t\t<div class=\"elementor-element elementor-element-6714df8 e-flex e-con-boxed e-con e-parent\" data-id=\"6714df8\" data-element_type=\"container\" data-e-type=\"container\" data-settings=\"{&quot;background_background&quot;:&quot;classic&quot;}\">\n\t\t\t\t\t<div class=\"e-con-inner\">\n\t\t<div class=\"elementor-element elementor-element-ae7cf39 e-con-full e-flex e-con e-child\" data-id=\"ae7cf39\" data-element_type=\"container\" data-e-type=\"container\">\n\t\t\t\t<div class=\"elementor-element elementor-element-b086a4f elementor-widget-mobile__width-auto elementor-widget elementor-widget-heading\" data-id=\"b086a4f\" data-element_type=\"widget\" data-e-type=\"widget\" data-widget_type=\"heading.default\">\n\t\t\t\t<div class=\"elementor-widget-container\">\n\t\t\t\t\t<h1 class=\"elementor-heading-title elementor-size-default\">Leistungen<\/h1>\t\t\t\t<\/div>\n\t\t\t\t<\/div>\n\t\t\t\t<\/div>\n\t\t\t\t\t<\/div>\n\t\t\t\t<\/div>\n\t\t<div class=\"elementor-element elementor-element-fdab74a e-flex e-con-boxed e-con e-parent\" data-id=\"fdab74a\" data-element_type=\"container\" data-e-type=\"container\">\n\t\t\t\t\t<div class=\"e-con-inner\">\n\t\t<div class=\"elementor-element elementor-element-62662c8 e-con-full e-flex e-con e-child\" data-id=\"62662c8\" data-element_type=\"container\" data-e-type=\"container\">\n\t\t\t\t<div class=\"elementor-element elementor-element-d80e708 elementor-widget elementor-widget-heading\" data-id=\"d80e708\" data-element_type=\"widget\" data-e-type=\"widget\" data-widget_type=\"heading.default\">\n\t\t\t\t<div class=\"elementor-widget-container\">\n\t\t\t\t\t<h2 class=\"elementor-heading-title elementor-size-default\">Ihre helfende Hand im Alltag.<\/h2>\t\t\t\t<\/div>\n\t\t\t\t<\/div>\n\t\t<div class=\"elementor-element elementor-element-12d69f5 e-flex e-con-boxed e-con e-child\" data-id=\"12d69f5\" data-element_type=\"container\" data-e-type=\"container\" data-settings=\"{&quot;background_background&quot;:&quot;classic&quot;}\">\n\t\t\t\t\t<div class=\"e-con-inner\">\n\t\t<div class=\"elementor-element elementor-element-27214dd e-con-full e-flex e-con e-child\" data-id=\"27214dd\" data-element_type=\"container\" data-e-type=\"container\" data-settings=\"{&quot;background_background&quot;:&quot;classic&quot;}\">\n\t\t\t\t<div class=\"elementor-element elementor-element-58d4e6d elementor-widget elementor-widget-image\" data-id=\"58d4e6d\" data-element_type=\"widget\" data-e-type=\"widget\" data-widget_type=\"image.default\">\n\t\t\t\t<div class=\"elementor-widget-container\">\n\t\t\t\t\t\t\t\t\t\t\t\t\t\t\t<img decoding=\"async\" width=\"150\" height=\"150\" src=\"https:\/\/f\u00fcrsorge-mobile.com\/wp-content\/uploads\/2026\/02\/help-150x150.png\" class=\"attachment-thumbnail size-thumbnail wp-image-1335\" alt=\"help\" srcset=\"https:\/\/f\u00fcrsorge-mobile.com\/wp-content\/uploads\/2026\/02\/help-150x150.png 150w, https:\/\/f\u00fcrsorge-mobile.com\/wp-content\/uploads\/2026\/02\/help-300x300.png 300w, https:\/\/f\u00fcrsorge-mobile.com\/wp-content\/uploads\/2026\/02\/help.png 512w\" sizes=\"(max-width: 150px) 100vw, 150px\" \/>\t\t\t\t\t\t\t\t\t\t\t\t\t\t\t<\/div>\n\t\t\t\t<\/div>\n\t\t\t\t<div class=\"elementor-element elementor-element-2a291aa elementor-widget elementor-widget-heading\" data-id=\"2a291aa\" data-element_type=\"widget\" data-e-type=\"widget\" data-widget_type=\"heading.default\">\n\t\t\t\t<div class=\"elementor-widget-container\">\n\t\t\t\t\t<h4 class=\"elementor-heading-title elementor-size-default\">Freizeitbegleitung<\/h4>\t\t\t\t<\/div>\n\t\t\t\t<\/div>\n\t\t\t\t<div class=\"elementor-element elementor-element-9a7687d elementor-widget elementor-widget-text-editor\" data-id=\"9a7687d\" data-element_type=\"widget\" data-e-type=\"widget\" data-widget_type=\"text-editor.default\">\n\t\t\t\t<div class=\"elementor-widget-container\">\n\t\t\t\t\t\t\t\t\t<p>Gemeinsam statt einsam: Ich begleite Sie bei Aktivit\u00e4ten, die Ihnen Freude bereiten. Ob ein gemeinsames Spiel, Vorlesen oder einfach ein netter Kaffeeklatsch, ich schenke Ihnen Zeit und Aufmerksamkeit f\u00fcr mehr Abwechslung im Alltag.<\/p>\t\t\t\t\t\t\t\t<\/div>\n\t\t\t\t<\/div>\n\t\t\t\t<\/div>\n\t\t<div class=\"elementor-element elementor-element-25e10fa e-con-full e-flex e-con e-child\" data-id=\"25e10fa\" data-element_type=\"container\" data-e-type=\"container\" data-settings=\"{&quot;background_background&quot;:&quot;classic&quot;}\">\n\t\t\t\t<div class=\"elementor-element elementor-element-71666dc elementor-widget elementor-widget-image\" data-id=\"71666dc\" data-element_type=\"widget\" data-e-type=\"widget\" data-widget_type=\"image.default\">\n\t\t\t\t<div class=\"elementor-widget-container\">\n\t\t\t\t\t\t\t\t\t\t\t\t\t\t\t<img decoding=\"async\" width=\"150\" height=\"150\" src=\"https:\/\/f\u00fcrsorge-mobile.com\/wp-content\/uploads\/2026\/02\/clean-house-150x150.png\" class=\"attachment-thumbnail size-thumbnail wp-image-1336\" alt=\"clean house\" srcset=\"https:\/\/f\u00fcrsorge-mobile.com\/wp-content\/uploads\/2026\/02\/clean-house-150x150.png 150w, https:\/\/f\u00fcrsorge-mobile.com\/wp-content\/uploads\/2026\/02\/clean-house-300x300.png 300w, https:\/\/f\u00fcrsorge-mobile.com\/wp-content\/uploads\/2026\/02\/clean-house.png 512w\" sizes=\"(max-width: 150px) 100vw, 150px\" \/>\t\t\t\t\t\t\t\t\t\t\t\t\t\t\t<\/div>\n\t\t\t\t<\/div>\n\t\t\t\t<div class=\"elementor-element elementor-element-4c78903 elementor-widget elementor-widget-heading\" data-id=\"4c78903\" data-element_type=\"widget\" data-e-type=\"widget\" data-widget_type=\"heading.default\">\n\t\t\t\t<div class=\"elementor-widget-container\">\n\t\t\t\t\t<h4 class=\"elementor-heading-title elementor-size-default\">Haushaltshilfe<\/h4>\t\t\t\t<\/div>\n\t\t\t\t<\/div>\n\t\t\t\t<div class=\"elementor-element elementor-element-3995b20 elementor-widget elementor-widget-text-editor\" data-id=\"3995b20\" data-element_type=\"widget\" data-e-type=\"widget\" data-widget_type=\"text-editor.default\">\n\t\t\t\t<div class=\"elementor-widget-container\">\n\t\t\t\t\t\t\t\t\t<p>Ein gepflegtes Zuhause ist die Basis f\u00fcr Wohlbefinden. Ich unterst\u00fctze Sie bei den t\u00e4glichen Reinigungsarbeiten, damit Ihre vier W\u00e4nde ein Ort der Entspannung bleiben. Gr\u00fcndlichkeit und ein respektvoller Umgang sind dabei f\u00fcr mich selbstverst\u00e4ndlich.<\/p>\t\t\t\t\t\t\t\t<\/div>\n\t\t\t\t<\/div>\n\t\t\t\t<\/div>\n\t\t<div class=\"elementor-element elementor-element-a86e218 e-con-full e-flex e-con e-child\" data-id=\"a86e218\" data-element_type=\"container\" data-e-type=\"container\" data-settings=\"{&quot;background_background&quot;:&quot;classic&quot;}\">\n\t\t\t\t<div class=\"elementor-element elementor-element-789ab27 elementor-widget elementor-widget-image\" data-id=\"789ab27\" data-element_type=\"widget\" data-e-type=\"widget\" data-widget_type=\"image.default\">\n\t\t\t\t<div class=\"elementor-widget-container\">\n\t\t\t\t\t\t\t\t\t\t\t\t\t\t\t<img decoding=\"async\" width=\"150\" height=\"150\" src=\"https:\/\/f\u00fcrsorge-mobile.com\/wp-content\/uploads\/2026\/02\/enfermero-1-150x150.png\" class=\"attachment-thumbnail size-thumbnail wp-image-1333\" alt=\"enfermero (1)\" srcset=\"https:\/\/f\u00fcrsorge-mobile.com\/wp-content\/uploads\/2026\/02\/enfermero-1-150x150.png 150w, https:\/\/f\u00fcrsorge-mobile.com\/wp-content\/uploads\/2026\/02\/enfermero-1-300x300.png 300w, https:\/\/f\u00fcrsorge-mobile.com\/wp-content\/uploads\/2026\/02\/enfermero-1.png 512w\" sizes=\"(max-width: 150px) 100vw, 150px\" \/>\t\t\t\t\t\t\t\t\t\t\t\t\t\t\t<\/div>\n\t\t\t\t<\/div>\n\t\t\t\t<div class=\"elementor-element elementor-element-4f0df93 elementor-widget elementor-widget-heading\" data-id=\"4f0df93\" data-element_type=\"widget\" data-e-type=\"widget\" data-widget_type=\"heading.default\">\n\t\t\t\t<div class=\"elementor-widget-container\">\n\t\t\t\t\t<h4 class=\"elementor-heading-title elementor-size-default\">Alltagshilfe<\/h4>\t\t\t\t<\/div>\n\t\t\t\t<\/div>\n\t\t\t\t<div class=\"elementor-element elementor-element-d33ed9c elementor-widget elementor-widget-text-editor\" data-id=\"d33ed9c\" data-element_type=\"widget\" data-e-type=\"widget\" data-widget_type=\"text-editor.default\">\n\t\t\t\t<div class=\"elementor-widget-container\">\n\t\t\t\t\t\t\t\t\t<p>Das Leben bietet viele Herausforderungen, ich helfe Ihnen, sie zu meistern. Als Ihre feste Ansprechpartnerin koordiniere ich kleine Aufgaben im Hintergrund, damit Sie Ihren Tag unbeschwert und sicher genie\u00dfen k\u00f6nnen.<\/p>\t\t\t\t\t\t\t\t<\/div>\n\t\t\t\t<\/div>\n\t\t\t\t<\/div>\n\t\t\t\t\t<\/div>\n\t\t\t\t<\/div>\n\t\t<div class=\"elementor-element elementor-element-7138b1e e-flex e-con-boxed e-con e-child\" data-id=\"7138b1e\" data-element_type=\"container\" data-e-type=\"container\" data-settings=\"{&quot;background_background&quot;:&quot;classic&quot;}\">\n\t\t\t\t\t<div class=\"e-con-inner\">\n\t\t<div class=\"elementor-element elementor-element-c603adb e-con-full e-flex e-con e-child\" data-id=\"c603adb\" data-element_type=\"container\" data-e-type=\"container\" data-settings=\"{&quot;background_background&quot;:&quot;classic&quot;}\">\n\t\t\t\t<div class=\"elementor-element elementor-element-7582278 elementor-widget elementor-widget-image\" data-id=\"7582278\" data-element_type=\"widget\" data-e-type=\"widget\" data-widget_type=\"image.default\">\n\t\t\t\t<div class=\"elementor-widget-container\">\n\t\t\t\t\t\t\t\t\t\t\t\t\t\t\t<img loading=\"lazy\" decoding=\"async\" width=\"150\" height=\"150\" src=\"https:\/\/f\u00fcrsorge-mobile.com\/wp-content\/uploads\/2026\/02\/grocery-cart-150x150.png\" class=\"attachment-thumbnail size-thumbnail wp-image-1334\" alt=\"grocery cart\" srcset=\"https:\/\/f\u00fcrsorge-mobile.com\/wp-content\/uploads\/2026\/02\/grocery-cart-150x150.png 150w, https:\/\/f\u00fcrsorge-mobile.com\/wp-content\/uploads\/2026\/02\/grocery-cart-300x300.png 300w, https:\/\/f\u00fcrsorge-mobile.com\/wp-content\/uploads\/2026\/02\/grocery-cart.png 512w\" sizes=\"(max-width: 150px) 100vw, 150px\" \/>\t\t\t\t\t\t\t\t\t\t\t\t\t\t\t<\/div>\n\t\t\t\t<\/div>\n\t\t\t\t<div class=\"elementor-element elementor-element-ebb5a4b elementor-widget elementor-widget-heading\" data-id=\"ebb5a4b\" data-element_type=\"widget\" data-e-type=\"widget\" data-widget_type=\"heading.default\">\n\t\t\t\t<div class=\"elementor-widget-container\">\n\t\t\t\t\t<h4 class=\"elementor-heading-title elementor-size-default\">Eink\u00e4ufe,Besorgungen\n<\/h4>\t\t\t\t<\/div>\n\t\t\t\t<\/div>\n\t\t\t\t<div class=\"elementor-element elementor-element-ca07eaa elementor-widget elementor-widget-text-editor\" data-id=\"ca07eaa\" data-element_type=\"widget\" data-e-type=\"widget\" data-widget_type=\"text-editor.default\">\n\t\t\t\t<div class=\"elementor-widget-container\">\n\t\t\t\t\t\t\t\t\t<p>Schwere Taschen tragen oder lange Schlangen im Supermarkt m\u00fcssen nicht sein. Ich erledige Ihre Eink\u00e4ufe nach Ihren W\u00fcnschen oder begleite Sie dabei. So ist Ihr K\u00fchlschrank immer gef\u00fcllt, ohne dass Sie sich anstrengen m\u00fcssen.<\/p>\t\t\t\t\t\t\t\t<\/div>\n\t\t\t\t<\/div>\n\t\t\t\t<\/div>\n\t\t<div class=\"elementor-element elementor-element-1e68a54 e-con-full e-flex e-con e-child\" data-id=\"1e68a54\" data-element_type=\"container\" data-e-type=\"container\" data-settings=\"{&quot;background_background&quot;:&quot;classic&quot;}\">\n\t\t\t\t<div class=\"elementor-element elementor-element-29b007f elementor-widget elementor-widget-image\" data-id=\"29b007f\" data-element_type=\"widget\" data-e-type=\"widget\" data-widget_type=\"image.default\">\n\t\t\t\t<div class=\"elementor-widget-container\">\n\t\t\t\t\t\t\t\t\t\t\t\t\t\t\t<img loading=\"lazy\" decoding=\"async\" width=\"150\" height=\"150\" src=\"https:\/\/f\u00fcrsorge-mobile.com\/wp-content\/uploads\/2026\/02\/licensing-150x150.png\" class=\"attachment-thumbnail size-thumbnail wp-image-1337\" alt=\"licensing\" srcset=\"https:\/\/f\u00fcrsorge-mobile.com\/wp-content\/uploads\/2026\/02\/licensing-150x150.png 150w, https:\/\/f\u00fcrsorge-mobile.com\/wp-content\/uploads\/2026\/02\/licensing-300x300.png 300w, https:\/\/f\u00fcrsorge-mobile.com\/wp-content\/uploads\/2026\/02\/licensing.png 512w\" sizes=\"(max-width: 150px) 100vw, 150px\" \/>\t\t\t\t\t\t\t\t\t\t\t\t\t\t\t<\/div>\n\t\t\t\t<\/div>\n\t\t\t\t<div class=\"elementor-element elementor-element-64cfd2a elementor-widget elementor-widget-heading\" data-id=\"64cfd2a\" data-element_type=\"widget\" data-e-type=\"widget\" data-widget_type=\"heading.default\">\n\t\t\t\t<div class=\"elementor-widget-container\">\n\t\t\t\t\t<h4 class=\"elementor-heading-title elementor-size-default\">Beh\u00f6rdeng\u00e4nge,etc\n<\/h4>\t\t\t\t<\/div>\n\t\t\t\t<\/div>\n\t\t\t\t<div class=\"elementor-element elementor-element-3947bae elementor-widget elementor-widget-text-editor\" data-id=\"3947bae\" data-element_type=\"widget\" data-e-type=\"widget\" data-widget_type=\"text-editor.default\">\n\t\t\t\t<div class=\"elementor-widget-container\">\n\t\t\t\t\t\t\t\t\t<p>B\u00fcrokratie kann anstrengend sein. Ich unterst\u00fctze Sie bei der Korrespondenz, begleite Sie zu \u00c4mtern oder helfe beim Ausf\u00fcllen von Formularen. Auch Wege zur Apotheke oder zur Post erledige ich zuverl\u00e4ssig f\u00fcr Sie.<\/p>\t\t\t\t\t\t\t\t<\/div>\n\t\t\t\t<\/div>\n\t\t\t\t<\/div>\n\t\t<div class=\"elementor-element elementor-element-fe62fb6 e-con-full e-flex e-con e-child\" data-id=\"fe62fb6\" data-element_type=\"container\" data-e-type=\"container\" data-settings=\"{&quot;background_background&quot;:&quot;classic&quot;}\">\n\t\t\t\t<div class=\"elementor-element elementor-element-7c0c0b1 elementor-widget elementor-widget-image\" data-id=\"7c0c0b1\" data-element_type=\"widget\" data-e-type=\"widget\" data-widget_type=\"image.default\">\n\t\t\t\t<div class=\"elementor-widget-container\">\n\t\t\t\t\t\t\t\t\t\t\t\t\t\t\t<img loading=\"lazy\" decoding=\"async\" width=\"150\" height=\"150\" src=\"https:\/\/f\u00fcrsorge-mobile.com\/wp-content\/uploads\/2026\/02\/old-man-3-150x150.png\" class=\"attachment-thumbnail size-thumbnail wp-image-1341\" alt=\"old man\" srcset=\"https:\/\/f\u00fcrsorge-mobile.com\/wp-content\/uploads\/2026\/02\/old-man-3-150x150.png 150w, https:\/\/f\u00fcrsorge-mobile.com\/wp-content\/uploads\/2026\/02\/old-man-3-300x300.png 300w, https:\/\/f\u00fcrsorge-mobile.com\/wp-content\/uploads\/2026\/02\/old-man-3.png 512w\" sizes=\"(max-width: 150px) 100vw, 150px\" \/>\t\t\t\t\t\t\t\t\t\t\t\t\t\t\t<\/div>\n\t\t\t\t<\/div>\n\t\t\t\t<div class=\"elementor-element elementor-element-83ee820 elementor-widget elementor-widget-heading\" data-id=\"83ee820\" data-element_type=\"widget\" data-e-type=\"widget\" data-widget_type=\"heading.default\">\n\t\t\t\t<div class=\"elementor-widget-container\">\n\t\t\t\t\t<h4 class=\"elementor-heading-title elementor-size-default\">Spazierg\u00e4nge<\/h4>\t\t\t\t<\/div>\n\t\t\t\t<\/div>\n\t\t\t\t<div class=\"elementor-element elementor-element-101463d elementor-widget elementor-widget-text-editor\" data-id=\"101463d\" data-element_type=\"widget\" data-e-type=\"widget\" data-widget_type=\"text-editor.default\">\n\t\t\t\t<div class=\"elementor-widget-container\">\n\t\t\t\t\t\t\t\t\t<p>Bewegung an der frischen Luft h\u00e4lt fit und hebt die Stimmung. Ich begleite Sie sicher bei Ihren Runden durch die Nachbarschaft oder dem Wald.\u00a0<\/p>\t\t\t\t\t\t\t\t<\/div>\n\t\t\t\t<\/div>\n\t\t\t\t<\/div>\n\t\t\t\t\t<\/div>\n\t\t\t\t<\/div>\n\t\t\t\t<\/div>\n\t\t\t\t\t<\/div>\n\t\t\t\t<\/div>\n\t\t<div class=\"elementor-element elementor-element-2a85806 e-flex e-con-boxed e-con e-parent\" data-id=\"2a85806\" data-element_type=\"container\" data-e-type=\"container\">\n\t\t\t\t\t<div class=\"e-con-inner\">\n\t\t\t\t<div class=\"elementor-element elementor-element-40e8d1f elementor-widget elementor-widget-heading\" data-id=\"40e8d1f\" data-element_type=\"widget\" data-e-type=\"widget\" data-widget_type=\"heading.default\">\n\t\t\t\t<div class=\"elementor-widget-container\">\n\t\t\t\t\t<h2 class=\"elementor-heading-title elementor-size-default\">Entlastungsleistungen nach \u00a7 45b SGB XI<\/h2>\t\t\t\t<\/div>\n\t\t\t\t<\/div>\n\t\t\t\t\t<\/div>\n\t\t\t\t<\/div>\n\t\t<div class=\"elementor-element elementor-element-79bf05f e-flex e-con-boxed e-con e-parent\" data-id=\"79bf05f\" data-element_type=\"container\" data-e-type=\"container\">\n\t\t\t\t\t<div class=\"e-con-inner\">\n\t\t<div class=\"elementor-element elementor-element-a35088e e-con-full e-flex e-con e-child\" data-id=\"a35088e\" data-element_type=\"container\" data-e-type=\"container\" data-settings=\"{&quot;background_background&quot;:&quot;classic&quot;}\">\n\t\t\t\t<div class=\"elementor-element elementor-element-7087c1c elementor-widget elementor-widget-text-editor\" data-id=\"7087c1c\" data-element_type=\"widget\" data-e-type=\"widget\" data-widget_type=\"text-editor.default\">\n\t\t\t\t<div class=\"elementor-widget-container\">\n\t\t\t\t\t\t\t\t\t<p class=\"p1\"><span class=\"s1\">Seit 2017 steht Menschen mit einem anerkannten Pflegegrad in der h\u00e4uslichen Pflege der sogenannte <\/span><span class=\"s2\">Entlastungsbetrag<\/span><span class=\"s1\"> zur Verf\u00fcgung. Diese gesetzliche Leistung nach <\/span><span class=\"s2\">\u00a7 45b SGB XI<\/span><span class=\"s1\"> wurde geschaffen, um pflegende Angeh\u00f6rige sp\u00fcrbar zu entlasten und die Lebensqualit\u00e4t sowie die Selbstst\u00e4ndigkeit der Pflegebed\u00fcrftigen so lange wie m\u00f6glich zu erhalten.<\/span><\/p>\t\t\t\t\t\t\t\t<\/div>\n\t\t\t\t<\/div>\n\t\t\t\t<div class=\"elementor-element elementor-element-b6dc7c6 elementor-widget elementor-widget-heading\" data-id=\"b6dc7c6\" data-element_type=\"widget\" data-e-type=\"widget\" data-widget_type=\"heading.default\">\n\t\t\t\t<div class=\"elementor-widget-container\">\n\t\t\t\t\t<h4 class=\"elementor-heading-title elementor-size-default\">Wer hat Anspruch auf den Entlastungsbetrag?<\/h4>\t\t\t\t<\/div>\n\t\t\t\t<\/div>\n\t\t\t\t<div class=\"elementor-element elementor-element-2183061 elementor-widget elementor-widget-text-editor\" data-id=\"2183061\" data-element_type=\"widget\" data-e-type=\"widget\" data-widget_type=\"text-editor.default\">\n\t\t\t\t<div class=\"elementor-widget-container\">\n\t\t\t\t\t\t\t\t\t<p class=\"p1\"><span class=\"s1\">Jede Person, die in h\u00e4uslicher Umgebung gepflegt wird und \u00fcber einen <\/span><span class=\"s2\">anerkannten Pflegegrad (1 bis 5)<\/span><span class=\"s1\"> verf\u00fcgt, hat einen gesetzlichen Anspruch auf diese Leistung. Es spielt dabei keine Rolle, ob man alleine lebt oder durch Angeh\u00f6rige unterst\u00fctzt wird.<\/span><\/p>\t\t\t\t\t\t\t\t<\/div>\n\t\t\t\t<\/div>\n\t\t\t\t<div class=\"elementor-element elementor-element-a0844c9 elementor-widget elementor-widget-heading\" data-id=\"a0844c9\" data-element_type=\"widget\" data-e-type=\"widget\" data-widget_type=\"heading.default\">\n\t\t\t\t<div class=\"elementor-widget-container\">\n\t\t\t\t\t<h4 class=\"elementor-heading-title elementor-size-default\">Wie hoch ist die Unterst\u00fctzung?\n<\/h4>\t\t\t\t<\/div>\n\t\t\t\t<\/div>\n\t\t\t\t<div class=\"elementor-element elementor-element-aeb9c5f elementor-widget elementor-widget-text-editor\" data-id=\"aeb9c5f\" data-element_type=\"widget\" data-e-type=\"widget\" data-widget_type=\"text-editor.default\">\n\t\t\t\t<div class=\"elementor-widget-container\">\n\t\t\t\t\t\t\t\t\t<p class=\"p1\"><span class=\"s1\">Der Entlastungsbetrag ist ein fester monatlicher Betrag in H\u00f6he von <\/span><span class=\"s2\">131 \u20ac<\/span><span class=\"s1\">.<\/span><\/p><p class=\"p1\"><span class=\"s1\">(Hinweis: Dies ergibt eine j\u00e4hrliche Gesamtsumme von1.572 \u20ac.)<\/span><\/p><p class=\"p1\"><span class=\"s1\">Der Entlastungsbetrag <span style=\"text-decoration: underline;\"><strong>wird nicht<\/strong><\/span> wie das Pflegegeld direkt auf das Konto \u00fcberwiesen. Es handelt sich um ein Erstattungsbudget. Die Pflegekasse zahlt den Betrag entweder gegen Vorlage von Rechnungen an den Versicherten zur\u00fcck oder rechnet direkt mit dem anerkannten Dienstleister ab.<\/span><\/p>\t\t\t\t\t\t\t\t<\/div>\n\t\t\t\t<\/div>\n\t\t\t\t<\/div>\n\t\t\t\t\t<\/div>\n\t\t\t\t<\/div>\n\t\t<div class=\"elementor-element elementor-element-eb42890 e-con-full e-flex e-con e-parent\" data-id=\"eb42890\" data-element_type=\"container\" data-e-type=\"container\" data-settings=\"{&quot;background_background&quot;:&quot;classic&quot;}\">\n\t\t<div class=\"elementor-element elementor-element-89c9947 e-con-full e-flex e-con e-child\" data-id=\"89c9947\" data-element_type=\"container\" data-e-type=\"container\">\n\t\t\t\t<div class=\"elementor-element elementor-element-481faa5 elementor-widget elementor-widget-heading\" data-id=\"481faa5\" data-element_type=\"widget\" data-e-type=\"widget\" data-widget_type=\"heading.default\">\n\t\t\t\t<div class=\"elementor-widget-container\">\n\t\t\t\t\t<h2 class=\"elementor-heading-title elementor-size-default\">Noch Fragen?<\/h2>\t\t\t\t<\/div>\n\t\t\t\t<\/div>\n\t\t\t\t<div class=\"elementor-element elementor-element-93fd8ca elementor-widget elementor-widget-text-editor\" data-id=\"93fd8ca\" data-element_type=\"widget\" data-e-type=\"widget\" data-widget_type=\"text-editor.default\">\n\t\t\t\t<div class=\"elementor-widget-container\">\n\t\t\t\t\t\t\t\t\t<p>Haben Sie noch Fragen zu meinen Leistungen oder zum Ablauf? Ich berate Sie gerne in einem pers\u00f6nlichen Gespr\u00e4ch. Die <b data-path-to-node=\"3,1\" data-index-in-node=\"164\">Schweigepflicht<\/b> ist f\u00fcr mich selbstverst\u00e4ndlich. \u00a0<span style=\"font-size: 16px;\">Ihre privaten Informationen und gesundheitlichen Daten sind bei mir in sicheren H\u00e4nden und werden streng vertraulich behandelt.<\/span><\/p>\t\t\t\t\t\t\t\t<\/div>\n\t\t\t\t<\/div>\n\t\t\t\t<div class=\"elementor-element elementor-element-16f7df0 elementor-button-info elementor-widget elementor-widget-button\" data-id=\"16f7df0\" data-element_type=\"widget\" data-e-type=\"widget\" data-widget_type=\"button.default\">\n\t\t\t\t<div class=\"elementor-widget-container\">\n\t\t\t\t\t\t\t\t\t<div class=\"elementor-button-wrapper\">\n\t\t\t\t\t<a class=\"elementor-button elementor-button-link elementor-size-sm\" href=\"https:\/\/f\u00fcrsorge-mobile.com\/?page_id=488\">\n\t\t\t\t\t\t<span class=\"elementor-button-content-wrapper\">\n\t\t\t\t\t\t\t\t\t<span class=\"elementor-button-text\">Hier klicken<\/span>\n\t\t\t\t\t<\/span>\n\t\t\t\t\t<\/a>\n\t\t\t\t<\/div>\n\t\t\t\t\t\t\t\t<\/div>\n\t\t\t\t<\/div>\n\t\t\t\t<\/div>\n\t\t\t\t<\/div>\n\t\t\t\t<\/div>\n\t\t","protected":false},"excerpt":{"rendered":"<p>Leistungen Ihre helfende Hand im Alltag. Freizeitbegleitung Gemeinsam statt einsam: Ich begleite Sie bei Aktivit\u00e4ten, die Ihnen Freude bereiten. Ob ein gemeinsames Spiel, Vorlesen oder einfach ein netter Kaffeeklatsch, ich schenke Ihnen Zeit und Aufmerksamkeit f\u00fcr mehr Abwechslung im Alltag. Haushaltshilfe Ein gepflegtes Zuhause ist die Basis f\u00fcr Wohlbefinden. Ich unterst\u00fctze Sie bei den t\u00e4glichen [&hellip;]<\/p>\n","protected":false},"author":1,"featured_media":0,"parent":0,"menu_order":0,"comment_status":"closed","ping_status":"closed","template":"","meta":{"site-sidebar-layout":"no-sidebar","site-content-layout":"page-builder","ast-site-content-layout":"default","site-content-style":"default","site-sidebar-style":"default","ast-global-header-display":"","ast-banner-title-visibility":"","ast-main-header-display":"","ast-hfb-above-header-display":"","ast-hfb-below-header-display":"","ast-hfb-mobile-header-display":"","site-post-title":"disabled","ast-breadcrumbs-content":"","ast-featured-img":"disabled","footer-sml-layout":"","ast-disable-related-posts":"","theme-transparent-header-meta":"enabled","adv-header-id-meta":"","stick-header-meta":"","header-above-stick-meta":"","header-main-stick-meta":"","header-below-stick-meta":"","astra-migrate-meta-layouts":"default","ast-page-background-enabled":"default","ast-page-background-meta":{"desktop":{"background-color":"","background-image":"","background-repeat":"repeat","background-position":"center center","background-size":"auto","background-attachment":"scroll","background-type":"","background-media":"","overlay-type":"","overlay-color":"","overlay-opacity":"","overlay-gradient":""},"tablet":{"background-color":"","background-image":"","background-repeat":"repeat","background-position":"center center","background-size":"auto","background-attachment":"scroll","background-type":"","background-media":"","overlay-type":"","overlay-color":"","overlay-opacity":"","overlay-gradient":""},"mobile":{"background-color":"","background-image":"","background-repeat":"repeat","background-position":"center center","background-size":"auto","background-attachment":"scroll","background-type":"","background-media":"","overlay-type":"","overlay-color":"","overlay-opacity":"","overlay-gradient":""}},"ast-content-background-meta":{"desktop":{"background-color":"var(--ast-global-color-5)","background-image":"","background-repeat":"repeat","background-position":"center center","background-size":"auto","background-attachment":"scroll","background-type":"","background-media":"","overlay-type":"","overlay-color":"","overlay-opacity":"","overlay-gradient":""},"tablet":{"background-color":"var(--ast-global-color-5)","background-image":"","background-repeat":"repeat","background-position":"center center","background-size":"auto","background-attachment":"scroll","background-type":"","background-media":"","overlay-type":"","overlay-color":"","overlay-opacity":"","overlay-gradient":""},"mobile":{"background-color":"var(--ast-global-color-5)","background-image":"","background-repeat":"repeat","background-position":"center center","background-size":"auto","background-attachment":"scroll","background-type":"","background-media":"","overlay-type":"","overlay-color":"","overlay-opacity":"","overlay-gradient":""}},"footnotes":""},"class_list":["post-487","page","type-page","status-publish","hentry"],"_links":{"self":[{"href":"https:\/\/f\u00fcrsorge-mobile.com\/index.php?rest_route=\/wp\/v2\/pages\/487","targetHints":{"allow":["GET"]}}],"collection":[{"href":"https:\/\/f\u00fcrsorge-mobile.com\/index.php?rest_route=\/wp\/v2\/pages"}],"about":[{"href":"https:\/\/f\u00fcrsorge-mobile.com\/index.php?rest_route=\/wp\/v2\/types\/page"}],"author":[{"embeddable":true,"href":"https:\/\/f\u00fcrsorge-mobile.com\/index.php?rest_route=\/wp\/v2\/users\/1"}],"replies":[{"embeddable":true,"href":"https:\/\/f\u00fcrsorge-mobile.com\/index.php?rest_route=%2Fwp%2Fv2%2Fcomments&post=487"}],"version-history":[{"count":84,"href":"https:\/\/f\u00fcrsorge-mobile.com\/index.php?rest_route=\/wp\/v2\/pages\/487\/revisions"}],"predecessor-version":[{"id":1633,"href":"https:\/\/f\u00fcrsorge-mobile.com\/index.php?rest_route=\/wp\/v2\/pages\/487\/revisions\/1633"}],"wp:attachment":[{"href":"https:\/\/f\u00fcrsorge-mobile.com\/index.php?rest_route=%2Fwp%2Fv2%2Fmedia&parent=487"}],"curies":[{"name":"wp","href":"https:\/\/api.w.org\/{rel}","templated":true}]}}